{"id":5887,"date":"2026-04-04T17:00:09","date_gmt":"2026-04-04T14:00:09","guid":{"rendered":"https:\/\/timokeraamika.ee\/b2b\/?post_type=product&#038;p=5887"},"modified":"2026-04-04T17:00:09","modified_gmt":"2026-04-04T14:00:09","slug":"nr-1537-noor-vorstikauss","status":"publish","type":"product","link":"https:\/\/timokeraamika.ee\/b2b\/toode\/nr-1537-noor-vorstikauss\/","title":{"rendered":"Nr 1537 N\u00f6\u00f6r-vorstikauss"},"content":{"rendered":"<p>Riputa vorstit\u00fcnn kerise kohale juba siis, kui sauna k\u00fctte paned. Saunavorstid pane t\u00fcnni, kui l\u00e4hed leili v\u00f5tma. Leilist tulles v\u00f5ta vorstit\u00fcnn vorstidega kaasa. Vorstid p\u00fcsivad kuumas t\u00fcnnis pikalt soojana, isegi talvel \u00f5ues. Ettevaatust, t\u00fcnn ja kett on kuumad.<\/p>","protected":false},"excerpt":{"rendered":"<p>Riputa vorstit\u00fcnn kerise kohale juba siis, kui sauna k\u00fctte paned. Saunavorstid pane t\u00fcnni, kui l\u00e4hed leili v\u00f5tma. Leilist tulles v\u00f5ta [&hellip;]<\/p>\n","protected":false},"featured_media":5888,"template":"","meta":[],"product_brand":[],"product_cat":[18],"product_tag":[],"class_list":{"0":"post-5887","1":"product","2":"type-product","3":"status-publish","4":"has-post-thumbnail","6":"product_cat-sauna","8":"first","9":"instock","10":"shipping-taxable","11":"purchasable","12":"product-type-simple"},"_links":{"self":[{"href":"https:\/\/timokeraamika.ee\/b2b\/wp-json\/wp\/v2\/product\/5887","targetHints":{"allow":["GET"]}}],"collection":[{"href":"https:\/\/timokeraamika.ee\/b2b\/wp-json\/wp\/v2\/product"}],"about":[{"href":"https:\/\/timokeraamika.ee\/b2b\/wp-json\/wp\/v2\/types\/product"}],"wp:featuredmedia":[{"embeddable":true,"href":"https:\/\/timokeraamika.ee\/b2b\/wp-json\/wp\/v2\/media\/5888"}],"wp:attachment":[{"href":"https:\/\/timokeraamika.ee\/b2b\/wp-json\/wp\/v2\/media?parent=5887"}],"wp:term":[{"taxonomy":"product_brand","embeddable":true,"href":"https:\/\/timokeraamika.ee\/b2b\/wp-json\/wp\/v2\/product_brand?post=5887"},{"taxonomy":"product_cat","embeddable":true,"href":"https:\/\/timokeraamika.ee\/b2b\/wp-json\/wp\/v2\/product_cat?post=5887"},{"taxonomy":"product_tag","embeddable":true,"href":"https:\/\/timokeraamika.ee\/b2b\/wp-json\/wp\/v2\/product_tag?post=5887"}],"curies":[{"name":"wp","href":"https:\/\/api.w.org\/{rel}","templated":true}]}}