{"id":5806,"date":"2026-01-08T17:01:33","date_gmt":"2026-01-08T15:01:33","guid":{"rendered":"https:\/\/timokeraamika.ee\/b2b\/?post_type=product&#038;p=5806"},"modified":"2026-01-08T17:01:33","modified_gmt":"2026-01-08T15:01:33","slug":"nr-206-leililind","status":"publish","type":"product","link":"https:\/\/timokeraamika.ee\/b2b\/toode\/nr-206-leililind\/","title":{"rendered":"Nr 206 Leililind"},"content":{"rendered":"","protected":false},"excerpt":{"rendered":"<p><strong>Keraamiline leililind \u2013 \u00f5rn ilu ja nutikas funktsionaalsus sinu saunas.<\/strong><br \/>\nAseta lind kerisekivide vahele ning lase tal oma v\u00e4ikesest p\u00f5hjaavast aeglaselt vett kividele niristada. Nii s\u00fcnnib pehme ja rahulik leil \u2014 justkui looduse enda soe hingus sinu saunas. Lisa vee sisse saunaaroomi, et t\u00e4ita ruum meeldiva l\u00f5hnaga ja luua veelgi s\u00fcgavam l\u00f5\u00f5gastus.<\/p>\n<p>Leililindu on lihtne paigutada, turvaline kasutada \u2014 elegantne detail igasse sauna.<\/p>\n","protected":false},"featured_media":5807,"template":"","meta":[],"product_brand":[],"product_cat":[18],"product_tag":[],"class_list":{"0":"post-5806","1":"product","2":"type-product","3":"status-publish","4":"has-post-thumbnail","6":"product_cat-sauna","8":"first","9":"instock","10":"shipping-taxable","11":"purchasable","12":"product-type-simple"},"_links":{"self":[{"href":"https:\/\/timokeraamika.ee\/b2b\/wp-json\/wp\/v2\/product\/5806","targetHints":{"allow":["GET"]}}],"collection":[{"href":"https:\/\/timokeraamika.ee\/b2b\/wp-json\/wp\/v2\/product"}],"about":[{"href":"https:\/\/timokeraamika.ee\/b2b\/wp-json\/wp\/v2\/types\/product"}],"wp:featuredmedia":[{"embeddable":true,"href":"https:\/\/timokeraamika.ee\/b2b\/wp-json\/wp\/v2\/media\/5807"}],"wp:attachment":[{"href":"https:\/\/timokeraamika.ee\/b2b\/wp-json\/wp\/v2\/media?parent=5806"}],"wp:term":[{"taxonomy":"product_brand","embeddable":true,"href":"https:\/\/timokeraamika.ee\/b2b\/wp-json\/wp\/v2\/product_brand?post=5806"},{"taxonomy":"product_cat","embeddable":true,"href":"https:\/\/timokeraamika.ee\/b2b\/wp-json\/wp\/v2\/product_cat?post=5806"},{"taxonomy":"product_tag","embeddable":true,"href":"https:\/\/timokeraamika.ee\/b2b\/wp-json\/wp\/v2\/product_tag?post=5806"}],"curies":[{"name":"wp","href":"https:\/\/api.w.org\/{rel}","templated":true}]}}