{"id":5724,"date":"2025-10-23T13:14:36","date_gmt":"2025-10-23T10:14:36","guid":{"rendered":"https:\/\/timokeraamika.ee\/b2b\/?post_type=product&#038;p=5724"},"modified":"2025-10-23T13:15:22","modified_gmt":"2025-10-23T10:15:22","slug":"nr-652-prantsuse-voitoos","status":"publish","type":"product","link":"https:\/\/timokeraamika.ee\/b2b\/toode\/nr-652-prantsuse-voitoos\/","title":{"rendered":"Nr 652 Prantsuse v\u00f5itoos"},"content":{"rendered":"<p><b>PRANTSUSE V\u00d5ITOOS<\/b><\/p>\n<p>Naudi alati kergesti m\u00e4\u00e4ritavat pehmet ja v\u00e4rsket v\u00f5id!<\/p>\n<p>Prantsuse v\u00f5itoos hoiab v\u00f5i toatemperatuuril v\u00e4rske ja m\u00e4\u00e4ritavana<\/p>\n<p>t\u00e4nu nutikale veelukule, mis kaitseb v\u00f5id hapniku ja bakterite eest.<\/p>\n<p><b>KASUTAMINE<\/b><\/p>\n<p>1. Lase v\u00f5il toatemperatuuril pehmeneda ja t\u00e4ida v\u00f5iga v\u00e4iksem, \u00fclemine noapesaga purk.<\/p>\n<p>2. Suuremasse, alumise osa p\u00f5hja vala ca 1cm k\u00fclma vett.<\/p>\n<p>3. Aseta v\u00f5iga t\u00e4idetud purk suuremasse purki ja kontrolli, et v\u00f5ipurgi \u00e4\u00e4r ulatuks vette (v\u00f5ipurgi serv peab saama m\u00e4rjaks).<\/p>\n<p>4. Vaheta vett iga 2&#8230;3 p\u00e4eva j\u00e4rel.<\/p>\n<p>5. V\u00f5i p\u00fcsib v\u00e4rskena kuni kuu aega.<\/p>\n<p>6. V\u00f5inuga saad hoida kaane jalas olevates soontes.<\/p>\n<p>7. Enne kasutamist eemalda transpordiks pandud kinnitusteibid.<\/p>","protected":false},"excerpt":{"rendered":"<p><b>PRANTSUSE V\u00d5ITOOS<\/b><\/p>\n<p>Naudi alati kergesti m\u00e4\u00e4ritavat pehmet ja v\u00e4rsket v\u00f5id!<\/p>\n<p>Prantsuse v\u00f5itoos hoiab v\u00f5i toatemperatuuril v\u00e4rske ja m\u00e4\u00e4ritavana<\/p>\n<p>t\u00e4nu nutikale veelukule, mis kaitseb v\u00f5id hapniku ja bakterite eest.<\/p>\n<p><b>KASUTAMINE<\/b><\/p>\n<p>1. Lase v\u00f5il toatemperatuuril pehmeneda ja t\u00e4ida v\u00f5iga v\u00e4iksem, \u00fclemine noapesaga purk.<\/p>\n<p>2. Suuremasse, alumise osa p\u00f5hja vala ca 1cm k\u00fclma vett.<\/p>\n<p>3. Aseta v\u00f5iga t\u00e4idetud purk suuremasse purki ja kontrolli, et v\u00f5ipurgi \u00e4\u00e4r ulatuks vette (v\u00f5ipurgi serv peab saama m\u00e4rjaks).<\/p>\n<p>4. Vaheta vett iga 2&#8230;3 p\u00e4eva j\u00e4rel.<\/p>\n<p>5. V\u00f5i p\u00fcsib v\u00e4rskena kuni kuu aega.<\/p>\n<p>6. V\u00f5inuga saad hoida kaane jalas olevates soontes.<\/p>\n<p>7. Enne kasutamist eemalda transpordiks pandud kinnitusteibid.<\/p>\n","protected":false},"featured_media":5725,"template":"","meta":[],"product_brand":[],"product_cat":[26],"product_tag":[],"class_list":{"0":"post-5724","1":"product","2":"type-product","3":"status-publish","4":"has-post-thumbnail","6":"product_cat-tarbekeraamika","8":"first","9":"instock","10":"shipping-taxable","11":"purchasable","12":"product-type-simple"},"_links":{"self":[{"href":"https:\/\/timokeraamika.ee\/b2b\/wp-json\/wp\/v2\/product\/5724","targetHints":{"allow":["GET"]}}],"collection":[{"href":"https:\/\/timokeraamika.ee\/b2b\/wp-json\/wp\/v2\/product"}],"about":[{"href":"https:\/\/timokeraamika.ee\/b2b\/wp-json\/wp\/v2\/types\/product"}],"wp:featuredmedia":[{"embeddable":true,"href":"https:\/\/timokeraamika.ee\/b2b\/wp-json\/wp\/v2\/media\/5725"}],"wp:attachment":[{"href":"https:\/\/timokeraamika.ee\/b2b\/wp-json\/wp\/v2\/media?parent=5724"}],"wp:term":[{"taxonomy":"product_brand","embeddable":true,"href":"https:\/\/timokeraamika.ee\/b2b\/wp-json\/wp\/v2\/product_brand?post=5724"},{"taxonomy":"product_cat","embeddable":true,"href":"https:\/\/timokeraamika.ee\/b2b\/wp-json\/wp\/v2\/product_cat?post=5724"},{"taxonomy":"product_tag","embeddable":true,"href":"https:\/\/timokeraamika.ee\/b2b\/wp-json\/wp\/v2\/product_tag?post=5724"}],"curies":[{"name":"wp","href":"https:\/\/api.w.org\/{rel}","templated":true}]}}