{"id":5480,"date":"2024-03-10T13:04:21","date_gmt":"2024-03-10T11:04:21","guid":{"rendered":"https:\/\/timokeraamika.ee\/b2b\/?post_type=product&#038;p=5480"},"modified":"2024-06-26T18:34:02","modified_gmt":"2024-06-26T15:34:02","slug":"nr-154-kerisekauss-600-ml","status":"publish","type":"product","link":"https:\/\/timokeraamika.ee\/b2b\/toode\/nr-154-kerisekauss-600-ml\/","title":{"rendered":"Nr 154 Kerisekauss 400 ml"},"content":{"rendered":"","protected":false},"excerpt":{"rendered":"<p><span style=\"color: #000000;\"><span style=\"font-family: Arial, sans-serif;\"><span style=\"font-size: medium;\">Riputa kauss kerise kohale ja kalla vett sisse. Kausi p\u00f5hjas on v\u00e4ike auk, kust vesi niriseb kerisele. Nii saad nautida tasast leili. Vette v\u00f5id lisada m\u00f5ne tilga saunaaroomi.<\/span><\/span><\/span><\/p>\n","protected":false},"featured_media":5520,"template":"","meta":[],"product_brand":[],"product_cat":[18],"product_tag":[],"class_list":{"0":"post-5480","1":"product","2":"type-product","3":"status-publish","4":"has-post-thumbnail","6":"product_cat-sauna","8":"first","9":"instock","10":"shipping-taxable","11":"purchasable","12":"product-type-variable"},"_links":{"self":[{"href":"https:\/\/timokeraamika.ee\/b2b\/wp-json\/wp\/v2\/product\/5480","targetHints":{"allow":["GET"]}}],"collection":[{"href":"https:\/\/timokeraamika.ee\/b2b\/wp-json\/wp\/v2\/product"}],"about":[{"href":"https:\/\/timokeraamika.ee\/b2b\/wp-json\/wp\/v2\/types\/product"}],"wp:featuredmedia":[{"embeddable":true,"href":"https:\/\/timokeraamika.ee\/b2b\/wp-json\/wp\/v2\/media\/5520"}],"wp:attachment":[{"href":"https:\/\/timokeraamika.ee\/b2b\/wp-json\/wp\/v2\/media?parent=5480"}],"wp:term":[{"taxonomy":"product_brand","embeddable":true,"href":"https:\/\/timokeraamika.ee\/b2b\/wp-json\/wp\/v2\/product_brand?post=5480"},{"taxonomy":"product_cat","embeddable":true,"href":"https:\/\/timokeraamika.ee\/b2b\/wp-json\/wp\/v2\/product_cat?post=5480"},{"taxonomy":"product_tag","embeddable":true,"href":"https:\/\/timokeraamika.ee\/b2b\/wp-json\/wp\/v2\/product_tag?post=5480"}],"curies":[{"name":"wp","href":"https:\/\/api.w.org\/{rel}","templated":true}]}}