{"id":535,"date":"2018-08-24T16:58:11","date_gmt":"2018-08-24T13:58:11","guid":{"rendered":"http:\/\/timokeraamika.ee\/b2b\/?post_type=product&#038;p=535"},"modified":"2018-10-09T13:21:47","modified_gmt":"2018-10-09T10:21:47","slug":"nr-84101-saunatermomeeter-meekarg","status":"publish","type":"product","link":"https:\/\/timokeraamika.ee\/b2b\/toode\/nr-84101-saunatermomeeter-meekarg\/","title":{"rendered":"Nr 84101 Saunatermomeeter meek\u00e4rg"},"content":{"rendered":"","protected":false},"excerpt":{"rendered":"<p>Termomeetri k\u00fcljes on k\u00e4rg saunamee hoidmiseks.<\/p>\n","protected":false},"featured_media":536,"template":"","meta":[],"product_brand":[],"product_cat":[18],"product_tag":[],"class_list":{"0":"post-535","1":"product","2":"type-product","3":"status-publish","4":"has-post-thumbnail","6":"product_cat-sauna","8":"first","9":"instock","10":"shipping-taxable","11":"purchasable","12":"product-type-variable"},"_links":{"self":[{"href":"https:\/\/timokeraamika.ee\/b2b\/wp-json\/wp\/v2\/product\/535","targetHints":{"allow":["GET"]}}],"collection":[{"href":"https:\/\/timokeraamika.ee\/b2b\/wp-json\/wp\/v2\/product"}],"about":[{"href":"https:\/\/timokeraamika.ee\/b2b\/wp-json\/wp\/v2\/types\/product"}],"wp:featuredmedia":[{"embeddable":true,"href":"https:\/\/timokeraamika.ee\/b2b\/wp-json\/wp\/v2\/media\/536"}],"wp:attachment":[{"href":"https:\/\/timokeraamika.ee\/b2b\/wp-json\/wp\/v2\/media?parent=535"}],"wp:term":[{"taxonomy":"product_brand","embeddable":true,"href":"https:\/\/timokeraamika.ee\/b2b\/wp-json\/wp\/v2\/product_brand?post=535"},{"taxonomy":"product_cat","embeddable":true,"href":"https:\/\/timokeraamika.ee\/b2b\/wp-json\/wp\/v2\/product_cat?post=535"},{"taxonomy":"product_tag","embeddable":true,"href":"https:\/\/timokeraamika.ee\/b2b\/wp-json\/wp\/v2\/product_tag?post=535"}],"curies":[{"name":"wp","href":"https:\/\/api.w.org\/{rel}","templated":true}]}}