{"id":508,"date":"2018-08-24T16:17:30","date_gmt":"2018-08-24T13:17:30","guid":{"rendered":"http:\/\/timokeraamika.ee\/b2b\/?post_type=product&#038;p=508"},"modified":"2025-12-08T18:47:53","modified_gmt":"2025-12-08T16:47:53","slug":"nr-4043-leililind","status":"publish","type":"product","link":"https:\/\/timokeraamika.ee\/b2b\/toode\/nr-4043-leililind\/","title":{"rendered":"Nr 4043 Leililind"},"content":{"rendered":"","protected":false},"excerpt":{"rendered":"<p><span style=\"color: #000000;\">Riputa lind kerise kohale ja kalla vett sisse. Toote p\u00f5hjas on v\u00e4ike auk, kust vesi niriseb kerisele. Nii saad nautida tasast leili. Vette v\u00f5id lisada m\u00f5ne tilga saunaaroomi.<\/span><\/p>\n","protected":false},"featured_media":5750,"template":"","meta":[],"product_brand":[],"product_cat":[18],"product_tag":[],"class_list":{"0":"post-508","1":"product","2":"type-product","3":"status-publish","4":"has-post-thumbnail","6":"product_cat-sauna","8":"first","9":"instock","10":"shipping-taxable","11":"purchasable","12":"product-type-simple"},"_links":{"self":[{"href":"https:\/\/timokeraamika.ee\/b2b\/wp-json\/wp\/v2\/product\/508","targetHints":{"allow":["GET"]}}],"collection":[{"href":"https:\/\/timokeraamika.ee\/b2b\/wp-json\/wp\/v2\/product"}],"about":[{"href":"https:\/\/timokeraamika.ee\/b2b\/wp-json\/wp\/v2\/types\/product"}],"wp:featuredmedia":[{"embeddable":true,"href":"https:\/\/timokeraamika.ee\/b2b\/wp-json\/wp\/v2\/media\/5750"}],"wp:attachment":[{"href":"https:\/\/timokeraamika.ee\/b2b\/wp-json\/wp\/v2\/media?parent=508"}],"wp:term":[{"taxonomy":"product_brand","embeddable":true,"href":"https:\/\/timokeraamika.ee\/b2b\/wp-json\/wp\/v2\/product_brand?post=508"},{"taxonomy":"product_cat","embeddable":true,"href":"https:\/\/timokeraamika.ee\/b2b\/wp-json\/wp\/v2\/product_cat?post=508"},{"taxonomy":"product_tag","embeddable":true,"href":"https:\/\/timokeraamika.ee\/b2b\/wp-json\/wp\/v2\/product_tag?post=508"}],"curies":[{"name":"wp","href":"https:\/\/api.w.org\/{rel}","templated":true}]}}