{"id":4918,"date":"2022-02-16T09:49:34","date_gmt":"2022-02-16T07:49:34","guid":{"rendered":"https:\/\/timokeraamika.ee\/b2b\/?post_type=product&#038;p=4918"},"modified":"2022-02-16T09:50:16","modified_gmt":"2022-02-16T07:50:16","slug":"nr-493-kerisevann-neiuga","status":"publish","type":"product","link":"https:\/\/timokeraamika.ee\/b2b\/toode\/nr-493-kerisevann-neiuga\/","title":{"rendered":"Nr 493 Kerisevann neiuga"},"content":{"rendered":"","protected":false},"excerpt":{"rendered":"<p>Aseta vann kerisekividele ja kalla vett sisse. Vanni p\u00f5hjas on v\u00e4ike auk, kust vesi niriseb kerisele tuues tasase m\u00f5nusa leili. Vette v\u00f5id lisada ka m\u00f5ne tilga saunaaroomi.<\/p>\n","protected":false},"featured_media":4919,"template":"","meta":[],"product_brand":[],"product_cat":[18],"product_tag":[],"class_list":{"0":"post-4918","1":"product","2":"type-product","3":"status-publish","4":"has-post-thumbnail","6":"product_cat-sauna","8":"first","9":"instock","10":"shipping-taxable","11":"purchasable","12":"product-type-simple"},"_links":{"self":[{"href":"https:\/\/timokeraamika.ee\/b2b\/wp-json\/wp\/v2\/product\/4918","targetHints":{"allow":["GET"]}}],"collection":[{"href":"https:\/\/timokeraamika.ee\/b2b\/wp-json\/wp\/v2\/product"}],"about":[{"href":"https:\/\/timokeraamika.ee\/b2b\/wp-json\/wp\/v2\/types\/product"}],"wp:featuredmedia":[{"embeddable":true,"href":"https:\/\/timokeraamika.ee\/b2b\/wp-json\/wp\/v2\/media\/4919"}],"wp:attachment":[{"href":"https:\/\/timokeraamika.ee\/b2b\/wp-json\/wp\/v2\/media?parent=4918"}],"wp:term":[{"taxonomy":"product_brand","embeddable":true,"href":"https:\/\/timokeraamika.ee\/b2b\/wp-json\/wp\/v2\/product_brand?post=4918"},{"taxonomy":"product_cat","embeddable":true,"href":"https:\/\/timokeraamika.ee\/b2b\/wp-json\/wp\/v2\/product_cat?post=4918"},{"taxonomy":"product_tag","embeddable":true,"href":"https:\/\/timokeraamika.ee\/b2b\/wp-json\/wp\/v2\/product_tag?post=4918"}],"curies":[{"name":"wp","href":"https:\/\/api.w.org\/{rel}","templated":true}]}}