{"id":477,"date":"2018-08-24T12:43:46","date_gmt":"2018-08-24T09:43:46","guid":{"rendered":"http:\/\/timokeraamika.ee\/b2b\/?post_type=product&#038;p=477"},"modified":"2018-10-09T12:13:54","modified_gmt":"2018-10-09T09:13:54","slug":"no-963-saunasoolavakk-120-ml-tume","status":"publish","type":"product","link":"https:\/\/timokeraamika.ee\/b2b\/toode\/no-963-saunasoolavakk-120-ml-tume\/","title":{"rendered":"No 963 Saunasoolavakk 120 ml tume"},"content":{"rendered":"","protected":false},"excerpt":{"rendered":"<p>Tootega on kaasas kotike meresoola. Soolaravi sai arvatavalt alguse 1843. aastal Poolas, kus uuriti soolakaevurite tervist. Selgus, et kaevurid ei p\u00f5denud iial hingamisteede haigusi. Soola toimel v\u00e4heneb m\u00e4rkimisv\u00e4\u00e4rselt stress, aeglustub ja s\u00fcveneb hingamine, kaob norskamine, suureneb keskendumisv\u00f5ime, tekib v\u00e4rskus- ja rahulolutunne, samas aeglustub naha vananemine ja kortsud silenevad. Sool puhastab leiliruumis \u00f5hku.<\/p>\n<p>Kasutamine: Kalla meresool kotist tootesse, \u00e4ra j\u00e4ta t\u00fchja soolakotti sauna. Riputa soolavakk leiliruumi seinale nii, et leili  visates ei satuks vett soolale. Soolast eralduvad kasulikud ained levivad \u00fcle kogu leiliruumi.<\/p>\n","protected":false},"featured_media":478,"template":"","meta":[],"product_brand":[],"product_cat":[18],"product_tag":[],"class_list":{"0":"post-477","1":"product","2":"type-product","3":"status-publish","4":"has-post-thumbnail","6":"product_cat-sauna","8":"first","9":"instock","10":"shipping-taxable","11":"purchasable","12":"product-type-variable"},"_links":{"self":[{"href":"https:\/\/timokeraamika.ee\/b2b\/wp-json\/wp\/v2\/product\/477","targetHints":{"allow":["GET"]}}],"collection":[{"href":"https:\/\/timokeraamika.ee\/b2b\/wp-json\/wp\/v2\/product"}],"about":[{"href":"https:\/\/timokeraamika.ee\/b2b\/wp-json\/wp\/v2\/types\/product"}],"wp:featuredmedia":[{"embeddable":true,"href":"https:\/\/timokeraamika.ee\/b2b\/wp-json\/wp\/v2\/media\/478"}],"wp:attachment":[{"href":"https:\/\/timokeraamika.ee\/b2b\/wp-json\/wp\/v2\/media?parent=477"}],"wp:term":[{"taxonomy":"product_brand","embeddable":true,"href":"https:\/\/timokeraamika.ee\/b2b\/wp-json\/wp\/v2\/product_brand?post=477"},{"taxonomy":"product_cat","embeddable":true,"href":"https:\/\/timokeraamika.ee\/b2b\/wp-json\/wp\/v2\/product_cat?post=477"},{"taxonomy":"product_tag","embeddable":true,"href":"https:\/\/timokeraamika.ee\/b2b\/wp-json\/wp\/v2\/product_tag?post=477"}],"curies":[{"name":"wp","href":"https:\/\/api.w.org\/{rel}","templated":true}]}}