{"id":469,"date":"2018-08-24T11:22:20","date_gmt":"2018-08-24T08:22:20","guid":{"rendered":"http:\/\/timokeraamika.ee\/b2b\/?post_type=product&#038;p=469"},"modified":"2020-12-23T15:16:26","modified_gmt":"2020-12-23T13:16:26","slug":"no-869-kerisepaat-poseidon","status":"publish","type":"product","link":"https:\/\/timokeraamika.ee\/b2b\/toode\/no-869-kerisepaat-poseidon\/","title":{"rendered":"No 869 Kerisepaat Poseidon"},"content":{"rendered":"","protected":false},"excerpt":{"rendered":"<p><span style=\"color: #000000;\">Riputa paat kerise kohale ja kalla vett sisse. Toote p\u00f5hjas on v\u00e4ike auk, kust vesi niriseb kerisele. Nii saad nautida tasast leili. Vette v\u00f5id lisada m\u00f5ne tilga saunaaroomi.<\/span><\/p>\n","protected":false},"featured_media":470,"template":"","meta":[],"product_brand":[],"product_cat":[18],"product_tag":[],"class_list":{"0":"post-469","1":"product","2":"type-product","3":"status-publish","4":"has-post-thumbnail","6":"product_cat-sauna","8":"first","9":"instock","10":"shipping-taxable","11":"purchasable","12":"product-type-variable"},"_links":{"self":[{"href":"https:\/\/timokeraamika.ee\/b2b\/wp-json\/wp\/v2\/product\/469","targetHints":{"allow":["GET"]}}],"collection":[{"href":"https:\/\/timokeraamika.ee\/b2b\/wp-json\/wp\/v2\/product"}],"about":[{"href":"https:\/\/timokeraamika.ee\/b2b\/wp-json\/wp\/v2\/types\/product"}],"wp:featuredmedia":[{"embeddable":true,"href":"https:\/\/timokeraamika.ee\/b2b\/wp-json\/wp\/v2\/media\/470"}],"wp:attachment":[{"href":"https:\/\/timokeraamika.ee\/b2b\/wp-json\/wp\/v2\/media?parent=469"}],"wp:term":[{"taxonomy":"product_brand","embeddable":true,"href":"https:\/\/timokeraamika.ee\/b2b\/wp-json\/wp\/v2\/product_brand?post=469"},{"taxonomy":"product_cat","embeddable":true,"href":"https:\/\/timokeraamika.ee\/b2b\/wp-json\/wp\/v2\/product_cat?post=469"},{"taxonomy":"product_tag","embeddable":true,"href":"https:\/\/timokeraamika.ee\/b2b\/wp-json\/wp\/v2\/product_tag?post=469"}],"curies":[{"name":"wp","href":"https:\/\/api.w.org\/{rel}","templated":true}]}}