{"id":439,"date":"2018-08-24T10:03:56","date_gmt":"2018-08-24T07:03:56","guid":{"rendered":"http:\/\/timokeraamika.ee\/b2b\/?post_type=product&#038;p=439"},"modified":"2018-10-09T09:06:44","modified_gmt":"2018-10-09T06:06:44","slug":"nr-751-vorstipaat","status":"publish","type":"product","link":"https:\/\/timokeraamika.ee\/b2b\/toode\/nr-751-vorstipaat\/","title":{"rendered":"Nr 751 Vorstipaat"},"content":{"rendered":"","protected":false},"excerpt":{"rendered":"<p>Toode on aknaga pakendis. Riputa vorstipaat kerise kohale juba siis, kui sauna k\u00fctte paned. Saunavorstid pane paati, kui l\u00e4hed leili v\u00f5tma. Leilist tulles v\u00f5ta paat vorstidega kaasa. Vorstid p\u00fcsivad kuumas paadis pikalt soojana, isegi talvel \u00f5ues. Ettevaatust, paat ja kett on kuumad.<\/p>\n","protected":false},"featured_media":440,"template":"","meta":[],"product_brand":[],"product_cat":[18],"product_tag":[],"class_list":{"0":"post-439","1":"product","2":"type-product","3":"status-publish","4":"has-post-thumbnail","6":"product_cat-sauna","8":"first","9":"instock","10":"shipping-taxable","11":"purchasable","12":"product-type-variable"},"_links":{"self":[{"href":"https:\/\/timokeraamika.ee\/b2b\/wp-json\/wp\/v2\/product\/439","targetHints":{"allow":["GET"]}}],"collection":[{"href":"https:\/\/timokeraamika.ee\/b2b\/wp-json\/wp\/v2\/product"}],"about":[{"href":"https:\/\/timokeraamika.ee\/b2b\/wp-json\/wp\/v2\/types\/product"}],"wp:featuredmedia":[{"embeddable":true,"href":"https:\/\/timokeraamika.ee\/b2b\/wp-json\/wp\/v2\/media\/440"}],"wp:attachment":[{"href":"https:\/\/timokeraamika.ee\/b2b\/wp-json\/wp\/v2\/media?parent=439"}],"wp:term":[{"taxonomy":"product_brand","embeddable":true,"href":"https:\/\/timokeraamika.ee\/b2b\/wp-json\/wp\/v2\/product_brand?post=439"},{"taxonomy":"product_cat","embeddable":true,"href":"https:\/\/timokeraamika.ee\/b2b\/wp-json\/wp\/v2\/product_cat?post=439"},{"taxonomy":"product_tag","embeddable":true,"href":"https:\/\/timokeraamika.ee\/b2b\/wp-json\/wp\/v2\/product_tag?post=439"}],"curies":[{"name":"wp","href":"https:\/\/api.w.org\/{rel}","templated":true}]}}