{"id":381,"date":"2018-08-23T20:01:04","date_gmt":"2018-08-23T17:01:04","guid":{"rendered":"http:\/\/timokeraamika.ee\/b2b\/?post_type=product&#038;p=381"},"modified":"2019-05-13T20:38:53","modified_gmt":"2019-05-13T17:38:53","slug":"nr-63-saunasoolavakk-120-ml","status":"publish","type":"product","link":"https:\/\/timokeraamika.ee\/b2b\/toode\/nr-63-saunasoolavakk-120-ml\/","title":{"rendered":"Nr 63 Saunasoolavakk 120 ml"},"content":{"rendered":"","protected":false},"excerpt":{"rendered":"<p><span style=\"color: #000000;\">Tootega on kaasas kotike meresoola.<\/span><\/p>\n<p><span style=\"color: #000000;\">Soolaravi sai arvatavalt alguse 1843. aastal Poolas, kus uuriti soolakaevurite tervist. Selgus, et kaevurid ei p\u00f5denud iial hingamisteede haigusi. Soola toimel v\u00e4heneb m\u00e4rkimisv\u00e4\u00e4rselt stress, aeglustub ja s\u00fcveneb hingamine, kaob norskamine, suureneb keskendumis- v\u00f5ime, tekib v\u00e4rskus- ja rahulolutunne, samas aeglustub naha vananemine ja kortsud silenevad. Sool puhastab leiliruumis \u00f5hku.<\/span><\/p>\n<p><span style=\"color: #000000;\">Kasutamine: Kalla meresool kotist tootesse, \u00e4ra j\u00e4ta t\u00fchja soolakotti sauna. Riputa soolavakk leiliruumi nii, et leili visates ei satuks vett soolale ja et soola ei satuks kerisele. Soolast eralduvad kasulikud ained levivad \u00fcle kogu leiliruumi. <\/span><\/p>\n","protected":false},"featured_media":382,"template":"","meta":[],"product_brand":[],"product_cat":[18],"product_tag":[],"class_list":{"0":"post-381","1":"product","2":"type-product","3":"status-publish","4":"has-post-thumbnail","6":"product_cat-sauna","8":"first","9":"instock","10":"shipping-taxable","11":"purchasable","12":"product-type-simple"},"_links":{"self":[{"href":"https:\/\/timokeraamika.ee\/b2b\/wp-json\/wp\/v2\/product\/381","targetHints":{"allow":["GET"]}}],"collection":[{"href":"https:\/\/timokeraamika.ee\/b2b\/wp-json\/wp\/v2\/product"}],"about":[{"href":"https:\/\/timokeraamika.ee\/b2b\/wp-json\/wp\/v2\/types\/product"}],"wp:featuredmedia":[{"embeddable":true,"href":"https:\/\/timokeraamika.ee\/b2b\/wp-json\/wp\/v2\/media\/382"}],"wp:attachment":[{"href":"https:\/\/timokeraamika.ee\/b2b\/wp-json\/wp\/v2\/media?parent=381"}],"wp:term":[{"taxonomy":"product_brand","embeddable":true,"href":"https:\/\/timokeraamika.ee\/b2b\/wp-json\/wp\/v2\/product_brand?post=381"},{"taxonomy":"product_cat","embeddable":true,"href":"https:\/\/timokeraamika.ee\/b2b\/wp-json\/wp\/v2\/product_cat?post=381"},{"taxonomy":"product_tag","embeddable":true,"href":"https:\/\/timokeraamika.ee\/b2b\/wp-json\/wp\/v2\/product_tag?post=381"}],"curies":[{"name":"wp","href":"https:\/\/api.w.org\/{rel}","templated":true}]}}