{"id":3330,"date":"2019-05-13T20:02:52","date_gmt":"2019-05-13T17:02:52","guid":{"rendered":"http:\/\/timokeraamika.ee\/b2b\/?post_type=product&#038;p=3330"},"modified":"2021-04-21T10:16:50","modified_gmt":"2021-04-21T07:16:50","slug":"nr-703-saunatermomeeter","status":"publish","type":"product","link":"https:\/\/timokeraamika.ee\/b2b\/toode\/nr-703-saunatermomeeter\/","title":{"rendered":"Nr 703 Saunatermomeeter"},"content":{"rendered":"","protected":false},"excerpt":{"rendered":"<p>Termomeeter on pudel, vala pudelisse vett ja parajas koguses saunaaroomi. Kui paned sauna k\u00fctte, v\u00f5ta pudelilt kork maha, siis p\u00e4\u00e4seb aroom pudelist v\u00e4lja. Kui saunas k\u00e4idud, sule pudel j\u00e4lle korgiga, siis j\u00e4tkub aroomi ka j\u00e4rgmiseks korraks.<\/p>\n","protected":false},"featured_media":4398,"template":"","meta":[],"product_brand":[],"product_cat":[18],"product_tag":[],"class_list":{"0":"post-3330","1":"product","2":"type-product","3":"status-publish","4":"has-post-thumbnail","6":"product_cat-sauna","8":"first","9":"instock","10":"shipping-taxable","11":"purchasable","12":"product-type-variable"},"_links":{"self":[{"href":"https:\/\/timokeraamika.ee\/b2b\/wp-json\/wp\/v2\/product\/3330","targetHints":{"allow":["GET"]}}],"collection":[{"href":"https:\/\/timokeraamika.ee\/b2b\/wp-json\/wp\/v2\/product"}],"about":[{"href":"https:\/\/timokeraamika.ee\/b2b\/wp-json\/wp\/v2\/types\/product"}],"wp:featuredmedia":[{"embeddable":true,"href":"https:\/\/timokeraamika.ee\/b2b\/wp-json\/wp\/v2\/media\/4398"}],"wp:attachment":[{"href":"https:\/\/timokeraamika.ee\/b2b\/wp-json\/wp\/v2\/media?parent=3330"}],"wp:term":[{"taxonomy":"product_brand","embeddable":true,"href":"https:\/\/timokeraamika.ee\/b2b\/wp-json\/wp\/v2\/product_brand?post=3330"},{"taxonomy":"product_cat","embeddable":true,"href":"https:\/\/timokeraamika.ee\/b2b\/wp-json\/wp\/v2\/product_cat?post=3330"},{"taxonomy":"product_tag","embeddable":true,"href":"https:\/\/timokeraamika.ee\/b2b\/wp-json\/wp\/v2\/product_tag?post=3330"}],"curies":[{"name":"wp","href":"https:\/\/api.w.org\/{rel}","templated":true}]}}