{"id":2805,"date":"2019-03-23T16:29:57","date_gmt":"2019-03-23T14:29:57","guid":{"rendered":"http:\/\/timokeraamika.ee\/b2b\/?post_type=product&#038;p=2805"},"modified":"2023-07-08T18:33:37","modified_gmt":"2023-07-08T15:33:37","slug":"nr-3885-saasetigu","status":"publish","type":"product","link":"https:\/\/timokeraamika.ee\/b2b\/toode\/nr-3885-saasetigu\/","title":{"rendered":"Nr 3885 S\u00e4\u00e4setigu"},"content":{"rendered":"","protected":false},"excerpt":{"rendered":"<p><span style=\"font-family: Arial, sans-serif;\">Toote sisse saab panna s\u00e4\u00e4set\u00f5rjeaine, k\u00fc\u00fcnla v\u00f5i spiraali, mis peletab s\u00e4\u00e4sed eemale. P\u00f5lev s\u00e4\u00e4set\u00f5rjeaine tekitab suitsu, mis levib toote aukudest tasakesi \u00fcmbrusesse, peletades s\u00e4\u00e4sed eemale. Toode on valmistatud tulekindlast keraamikast, aga \u00e4ra j\u00e4ta s\u00e4\u00e4set\u00f5rjeainet valvete p\u00f5lema. Toode sobib suurep\u00e4raselt ka k\u00fc\u00fcnlaaluseks.<\/span><\/p>\n","protected":false},"featured_media":2806,"template":"","meta":[],"product_brand":[],"product_cat":[21,162],"product_tag":[],"class_list":{"0":"post-2805","1":"product","2":"type-product","3":"status-publish","4":"has-post-thumbnail","6":"product_cat-aeda","7":"product_cat-saasetorjeks","9":"first","10":"outofstock","11":"shipping-taxable","12":"purchasable","13":"product-type-simple"},"_links":{"self":[{"href":"https:\/\/timokeraamika.ee\/b2b\/wp-json\/wp\/v2\/product\/2805","targetHints":{"allow":["GET"]}}],"collection":[{"href":"https:\/\/timokeraamika.ee\/b2b\/wp-json\/wp\/v2\/product"}],"about":[{"href":"https:\/\/timokeraamika.ee\/b2b\/wp-json\/wp\/v2\/types\/product"}],"wp:featuredmedia":[{"embeddable":true,"href":"https:\/\/timokeraamika.ee\/b2b\/wp-json\/wp\/v2\/media\/2806"}],"wp:attachment":[{"href":"https:\/\/timokeraamika.ee\/b2b\/wp-json\/wp\/v2\/media?parent=2805"}],"wp:term":[{"taxonomy":"product_brand","embeddable":true,"href":"https:\/\/timokeraamika.ee\/b2b\/wp-json\/wp\/v2\/product_brand?post=2805"},{"taxonomy":"product_cat","embeddable":true,"href":"https:\/\/timokeraamika.ee\/b2b\/wp-json\/wp\/v2\/product_cat?post=2805"},{"taxonomy":"product_tag","embeddable":true,"href":"https:\/\/timokeraamika.ee\/b2b\/wp-json\/wp\/v2\/product_tag?post=2805"}],"curies":[{"name":"wp","href":"https:\/\/api.w.org\/{rel}","templated":true}]}}