{"id":2796,"date":"2019-03-23T15:30:09","date_gmt":"2019-03-23T13:30:09","guid":{"rendered":"http:\/\/timokeraamika.ee\/b2b\/?post_type=product&#038;p=2796"},"modified":"2023-07-08T18:45:26","modified_gmt":"2023-07-08T15:45:26","slug":"nr-1577-saasekonn","status":"publish","type":"product","link":"https:\/\/timokeraamika.ee\/b2b\/toode\/nr-1577-saasekonn\/","title":{"rendered":"Nr 1577 S\u00e4\u00e4sekonn"},"content":{"rendered":"","protected":false},"excerpt":{"rendered":"<p>Toote sisse saab panna s\u00e4\u00e4set\u00f5rje aine h\u00f5\u00f5guma, mis peletab s\u00e4\u00e4sed eemale.<\/p>\n<p><span style=\"color: #000000;\"><span style=\"font-family: Arial, sans-serif;\"><span style=\"font-size: small;\">S\u00e4\u00e4set\u00f5rje spiraal p\u00f5leb ilusti ja turvaliselt tootes, tekitades suitsu. Aukudest levib suits tasakesi kogu \u00fcmbrusesse, peletades s\u00e4\u00e4sed eemale. Toode on valmistatud tulekindlast keraamikast, aga \u00e4ra j\u00e4ta s\u00e4\u00e4sesuitsu valveta p\u00f5lema. Konn sobib ka k\u00fc\u00fcnlaaluseks.<\/span><\/span><\/span><\/p>\n","protected":false},"featured_media":2795,"template":"","meta":[],"product_brand":[],"product_cat":[21,162],"product_tag":[],"class_list":{"0":"post-2796","1":"product","2":"type-product","3":"status-publish","4":"has-post-thumbnail","6":"product_cat-aeda","7":"product_cat-saasetorjeks","9":"first","10":"outofstock","11":"shipping-taxable","12":"purchasable","13":"product-type-simple"},"_links":{"self":[{"href":"https:\/\/timokeraamika.ee\/b2b\/wp-json\/wp\/v2\/product\/2796","targetHints":{"allow":["GET"]}}],"collection":[{"href":"https:\/\/timokeraamika.ee\/b2b\/wp-json\/wp\/v2\/product"}],"about":[{"href":"https:\/\/timokeraamika.ee\/b2b\/wp-json\/wp\/v2\/types\/product"}],"wp:featuredmedia":[{"embeddable":true,"href":"https:\/\/timokeraamika.ee\/b2b\/wp-json\/wp\/v2\/media\/2795"}],"wp:attachment":[{"href":"https:\/\/timokeraamika.ee\/b2b\/wp-json\/wp\/v2\/media?parent=2796"}],"wp:term":[{"taxonomy":"product_brand","embeddable":true,"href":"https:\/\/timokeraamika.ee\/b2b\/wp-json\/wp\/v2\/product_brand?post=2796"},{"taxonomy":"product_cat","embeddable":true,"href":"https:\/\/timokeraamika.ee\/b2b\/wp-json\/wp\/v2\/product_cat?post=2796"},{"taxonomy":"product_tag","embeddable":true,"href":"https:\/\/timokeraamika.ee\/b2b\/wp-json\/wp\/v2\/product_tag?post=2796"}],"curies":[{"name":"wp","href":"https:\/\/api.w.org\/{rel}","templated":true}]}}