{"id":2,"date":"2018-08-07T21:11:38","date_gmt":"2018-08-07T18:11:38","guid":{"rendered":"http:\/\/timokeraamika.ee\/b2b\/?page_id=2"},"modified":"2021-03-29T15:03:31","modified_gmt":"2021-03-29T12:03:31","slug":"home","status":"publish","type":"page","link":"https:\/\/timokeraamika.ee\/b2b\/","title":{"rendered":"Avaleht"},"content":{"rendered":"<div id=\"pl-2\"  class=\"panel-layout\" ><div id=\"pg-2-0\"  class=\"panel-grid panel-no-style\" ><div id=\"pgc-2-0-0\"  class=\"panel-grid-cell\" ><div id=\"panel-2-0-0-0\" class=\"so-panel widget widget_text panel-first-child panel-last-child\" data-index=\"0\" ><h3 class=\"widget-title\">Uued tooted<\/h3>\t\t\t<div class=\"textwidget\"><div class=\"woocommerce columns-2 \"><ul class=\"products columns-2\">\n<li class=\"product type-product post-5895 status-publish first instock product_cat-sauna has-post-thumbnail shipping-taxable purchasable product-type-simple\">\n\t<a href=\"https:\/\/timokeraamika.ee\/b2b\/toode\/nr-1547-noor-termomeeter\/\" class=\"woocommerce-LoopProduct-link woocommerce-loop-product__link\"><img loading=\"lazy\" decoding=\"async\" width=\"400\" height=\"400\" src=\"https:\/\/timokeraamika.ee\/b2b\/wp-content\/uploads\/2026\/04\/1547-13-cm-400x400.jpg\" class=\"attachment-woocommerce_thumbnail size-woocommerce_thumbnail\" alt=\"\" srcset=\"https:\/\/timokeraamika.ee\/b2b\/wp-content\/uploads\/2026\/04\/1547-13-cm-400x400.jpg 400w, https:\/\/timokeraamika.ee\/b2b\/wp-content\/uploads\/2026\/04\/1547-13-cm-300x300.jpg 300w, https:\/\/timokeraamika.ee\/b2b\/wp-content\/uploads\/2026\/04\/1547-13-cm-150x150.jpg 150w, https:\/\/timokeraamika.ee\/b2b\/wp-content\/uploads\/2026\/04\/1547-13-cm-768x768.jpg 768w, https:\/\/timokeraamika.ee\/b2b\/wp-content\/uploads\/2026\/04\/1547-13-cm-100x100.jpg 100w, https:\/\/timokeraamika.ee\/b2b\/wp-content\/uploads\/2026\/04\/1547-13-cm.jpg 800w\" sizes=\"auto, (max-width: 400px) 100vw, 400px\" \/><h2 class=\"woocommerce-loop-product__title\">Nr 1547 N\u00f6\u00f6r-termomeeter<\/h2>\n\t<span class=\"price\"><span class=\"woocommerce-Price-amount amount\"><bdi><span class=\"woocommerce-Price-currencySymbol\">&euro;<\/span>0,00<\/bdi><\/span><\/span>\n<\/a><a href=\"?add-to-cart=5895\" aria-describedby=\"woocommerce_loop_add_to_cart_link_describedby_5895\" data-quantity=\"1\" class=\"button product_type_simple add_to_cart_button ajax_add_to_cart\" data-product_id=\"5895\" data-product_sku=\"1547\" aria-label=\"Add to cart: &ldquo;Nr 1547 N\u00f6\u00f6r-termomeeter&rdquo;\" rel=\"nofollow\" data-success_message=\"&ldquo;Nr 1547 N\u00f6\u00f6r-termomeeter&rdquo; has been added to your cart\">Lisa korvi<\/a>\t<span id=\"woocommerce_loop_add_to_cart_link_describedby_5895\" class=\"screen-reader-text\">\n\t\t\t<\/span>\n<\/li>\n<li class=\"product type-product post-5893 status-publish last instock product_cat-sauna has-post-thumbnail shipping-taxable purchasable product-type-simple\">\n\t<a href=\"https:\/\/timokeraamika.ee\/b2b\/toode\/nr-81538-noor-saunasoolakauss\/\" class=\"woocommerce-LoopProduct-link woocommerce-loop-product__link\"><img loading=\"lazy\" decoding=\"async\" width=\"400\" height=\"400\" src=\"https:\/\/timokeraamika.ee\/b2b\/wp-content\/uploads\/2026\/04\/81538-400x400.jpg\" class=\"attachment-woocommerce_thumbnail size-woocommerce_thumbnail\" alt=\"\" srcset=\"https:\/\/timokeraamika.ee\/b2b\/wp-content\/uploads\/2026\/04\/81538-400x400.jpg 400w, https:\/\/timokeraamika.ee\/b2b\/wp-content\/uploads\/2026\/04\/81538-300x300.jpg 300w, https:\/\/timokeraamika.ee\/b2b\/wp-content\/uploads\/2026\/04\/81538-150x150.jpg 150w, https:\/\/timokeraamika.ee\/b2b\/wp-content\/uploads\/2026\/04\/81538-768x768.jpg 768w, https:\/\/timokeraamika.ee\/b2b\/wp-content\/uploads\/2026\/04\/81538-100x100.jpg 100w, https:\/\/timokeraamika.ee\/b2b\/wp-content\/uploads\/2026\/04\/81538.jpg 800w\" sizes=\"auto, (max-width: 400px) 100vw, 400px\" \/><h2 class=\"woocommerce-loop-product__title\">Nr 81538 N\u00f6\u00f6r saunasoolakauss<\/h2>\n\t<span class=\"price\"><span class=\"woocommerce-Price-amount amount\"><bdi><span class=\"woocommerce-Price-currencySymbol\">&euro;<\/span>0,00<\/bdi><\/span><\/span>\n<\/a><a href=\"?add-to-cart=5893\" aria-describedby=\"woocommerce_loop_add_to_cart_link_describedby_5893\" data-quantity=\"1\" class=\"button product_type_simple add_to_cart_button ajax_add_to_cart\" data-product_id=\"5893\" data-product_sku=\"81538\" aria-label=\"Add to cart: &ldquo;Nr 81538 N\u00f6\u00f6r saunasoolakauss&rdquo;\" rel=\"nofollow\" data-success_message=\"&ldquo;Nr 81538 N\u00f6\u00f6r saunasoolakauss&rdquo; has been added to your cart\">Lisa korvi<\/a>\t<span id=\"woocommerce_loop_add_to_cart_link_describedby_5893\" class=\"screen-reader-text\">\n\t\t\t<\/span>\n<\/li>\n<\/ul>\n<\/div>\n<\/div>\n\t\t<\/div><\/div><div id=\"pgc-2-0-1\"  class=\"panel-grid-cell\" ><div id=\"panel-2-0-1-0\" class=\"so-panel widget widget_text panel-first-child panel-last-child\" data-index=\"1\" >\t\t\t<div class=\"textwidget\"><p><b>Timo-Keraamika O\u00dc<\/b>  tootevalikus on p\u00f5hiline osa omadisainitud keraamikal, sealhulgas meenetel. Tehasepoest saab osta valmis suveniire ja tellida ka oma kujundusega tasse-kannusid. Tasuda saab nii sularahas kui ka pangakaardiga. Ettev\u00f5te valmistab k\u00e4sit\u00f6\u00f6na suveniire, meeneid, kingitusi, saunakeraamikat, tarbekeraamikat (kausid, kruusid, taldrikud, kannud jne), k\u00fc\u00fcnlajalgu, kellasid, vaase, aiakeraamikat (mille alla kuuluvad ka s\u00e4\u00e4set\u00f5rjetooted), firmakingitusi, loomade-lindude kujusid, ingleid, urne, sealhulgas lemmikloomaurne. Eesti Vabariigi 100. s\u00fcnnip\u00e4eva puhuks oleme v\u00e4lja t\u00f6\u00f6tanud juubelitoodete sarja. Eelneval kokkuleppel on v\u00f5imalik saada tootmisprotsessi tutvustav ekskursioon ja saada \u00fclevaade, kuidas valmib osavate k\u00e4te vahel Eesti oma keraamika.<\/p>\n<p>Oleme avatud koost\u00f6\u00f6ks ja \u00fchiselt klientidega valmis leidma uutele ideedele tootmistehnilisi lahendusi.<\/p>\n<p>Meeldivate kohtumisteni<br \/>\nTimo-Keraamika<\/p>\n<\/div>\n\t\t<\/div><\/div><\/div><div id=\"pg-2-1\"  class=\"panel-grid panel-has-style\" ><div class=\"panel-row-style panel-row-style-for-2-1\" ><div id=\"pgc-2-1-0\"  class=\"panel-grid-cell\" ><div id=\"panel-2-1-0-0\" class=\"so-panel widget widget_text panel-first-child panel-last-child\" data-index=\"2\" ><div class=\"avalehe-kontakt panel-widget-style panel-widget-style-for-2-1-0-0\" >\t\t\t<div class=\"textwidget\"><p>Timo-Keraamika O\u00dc<br \/>\nKivi 12<br \/>\n65605<br \/>\nV\u00f5ru linn<\/p>\n<p>Tel: 782 1035<br \/>\nE-mail: timo@timokeraamika.ee<\/p>\n<\/div>\n\t\t<\/div><\/div><\/div><div id=\"pgc-2-1-1\"  class=\"panel-grid-cell\" ><div id=\"panel-2-1-1-0\" class=\"so-panel widget panel-first-child panel-last-child\" data-index=\"3\" ><\/div><\/div><\/div><\/div><\/div>","protected":false},"excerpt":{"rendered":"<p>Timo-Keraamika O\u00dc tootevalikus on p\u00f5hiline osa omadisainitud keraamikal, sealhulgas meenetel. Tehasepoest saab osta valmis suveniire ja tellida ka oma kujundusega [&hellip;]<\/p>\n","protected":false},"author":1,"featured_media":0,"parent":0,"menu_order":0,"comment_status":"closed","ping_status":"open","template":"page-templates\/full-width.php","meta":{"footnotes":""},"class_list":["post-2","page","type-page","status-publish","hentry"],"_links":{"self":[{"href":"https:\/\/timokeraamika.ee\/b2b\/wp-json\/wp\/v2\/pages\/2","targetHints":{"allow":["GET"]}}],"collection":[{"href":"https:\/\/timokeraamika.ee\/b2b\/wp-json\/wp\/v2\/pages"}],"about":[{"href":"https:\/\/timokeraamika.ee\/b2b\/wp-json\/wp\/v2\/types\/page"}],"author":[{"embeddable":true,"href":"https:\/\/timokeraamika.ee\/b2b\/wp-json\/wp\/v2\/users\/1"}],"replies":[{"embeddable":true,"href":"https:\/\/timokeraamika.ee\/b2b\/wp-json\/wp\/v2\/comments?post=2"}],"version-history":[{"count":42,"href":"https:\/\/timokeraamika.ee\/b2b\/wp-json\/wp\/v2\/pages\/2\/revisions"}],"predecessor-version":[{"id":4405,"href":"https:\/\/timokeraamika.ee\/b2b\/wp-json\/wp\/v2\/pages\/2\/revisions\/4405"}],"wp:attachment":[{"href":"https:\/\/timokeraamika.ee\/b2b\/wp-json\/wp\/v2\/media?parent=2"}],"curies":[{"name":"wp","href":"https:\/\/api.w.org\/{rel}","templated":true}]}}