{"id":603,"date":"2018-08-26T13:52:49","date_gmt":"2018-08-26T10:52:49","guid":{"rendered":"http:\/\/timokeraamika.ee\/b2b\/?post_type=product&#038;p=603"},"modified":"2018-08-26T13:58:30","modified_gmt":"2018-08-26T10:58:30","slug":"nr-4109-vorstitunn-kerisele","status":"publish","type":"product","link":"https:\/\/timokeraamika.ee\/b2b\/en\/toode\/nr-4109-vorstitunn-kerisele\/","title":{"rendered":"No 4109 Sauna Frankfurter barrel"},"content":{"rendered":"","protected":false},"excerpt":{"rendered":"<p class=\"qtranxs-available-languages-message qtranxs-available-languages-message-en\">Sorry, this entry is only available in <a href=\"https:\/\/timokeraamika.ee\/b2b\/et\/wp-json\/wp\/v2\/product\/603\" class=\"qtranxs-available-language-link qtranxs-available-language-link-et\" title=\"Eesti\">Eesti<\/a>.<\/p>\n<p><span style=\"color: #606060;\"><span style=\"font-family: Montserrat;\"><span style=\"font-size: small;\">Riputa vorstit\u00fcnn kerise kohale juba siis, kui sauna k\u00fctte paned. Saunavorstid pane t\u00fcnni, kui l\u00e4hed leili v\u00f5tma. Leilist tulles v\u00f5ta vorstit\u00fcnn vorstidega kaasa. Vorstid p\u00fcsivad kuumas t\u00fcnnis pikalt soojana, isegi talvel \u00f5ues. Ettevaatust, t\u00fcnn ja kett on kuumad.<\/span><\/span><\/span><\/p>\n","protected":false},"featured_media":604,"template":"","meta":[],"product_brand":[],"product_cat":[18],"product_tag":[],"class_list":{"0":"post-603","1":"product","2":"type-product","3":"status-publish","4":"has-post-thumbnail","6":"product_cat-sauna","8":"first","9":"instock","10":"shipping-taxable","11":"purchasable","12":"product-type-simple"},"_links":{"self":[{"href":"https:\/\/timokeraamika.ee\/b2b\/en\/wp-json\/wp\/v2\/product\/603","targetHints":{"allow":["GET"]}}],"collection":[{"href":"https:\/\/timokeraamika.ee\/b2b\/en\/wp-json\/wp\/v2\/product"}],"about":[{"href":"https:\/\/timokeraamika.ee\/b2b\/en\/wp-json\/wp\/v2\/types\/product"}],"wp:featuredmedia":[{"embeddable":true,"href":"https:\/\/timokeraamika.ee\/b2b\/en\/wp-json\/wp\/v2\/media\/604"}],"wp:attachment":[{"href":"https:\/\/timokeraamika.ee\/b2b\/en\/wp-json\/wp\/v2\/media?parent=603"}],"wp:term":[{"taxonomy":"product_brand","embeddable":true,"href":"https:\/\/timokeraamika.ee\/b2b\/en\/wp-json\/wp\/v2\/product_brand?post=603"},{"taxonomy":"product_cat","embeddable":true,"href":"https:\/\/timokeraamika.ee\/b2b\/en\/wp-json\/wp\/v2\/product_cat?post=603"},{"taxonomy":"product_tag","embeddable":true,"href":"https:\/\/timokeraamika.ee\/b2b\/en\/wp-json\/wp\/v2\/product_tag?post=603"}],"curies":[{"name":"wp","href":"https:\/\/api.w.org\/{rel}","templated":true}]}}