{"id":5724,"date":"2025-10-23T13:14:36","date_gmt":"2025-10-23T10:14:36","guid":{"rendered":"https:\/\/timokeraamika.ee\/b2b\/?post_type=product&#038;p=5724"},"modified":"2025-10-23T13:15:22","modified_gmt":"2025-10-23T10:15:22","slug":"nr-652-prantsuse-voitoos","status":"publish","type":"product","link":"https:\/\/timokeraamika.ee\/b2b\/en\/toode\/nr-652-prantsuse-voitoos\/","title":{"rendered":"No 652 French butter dish"},"content":{"rendered":"<p class=\"qtranxs-available-languages-message qtranxs-available-languages-message-en\">Sorry, this entry is only available in <a href=\"https:\/\/timokeraamika.ee\/b2b\/et\/wp-json\/wp\/v2\/product\/5724\" class=\"qtranxs-available-language-link qtranxs-available-language-link-et\" title=\"Eesti\">Eesti<\/a>.<\/p><p><b>PRANTSUSE V\u00d5ITOOS<\/b><\/p>\n<p>Naudi alati kergesti m\u00e4\u00e4ritavat pehmet ja v\u00e4rsket v\u00f5id!<\/p>\n<p>Prantsuse v\u00f5itoos hoiab v\u00f5i toatemperatuuril v\u00e4rske ja m\u00e4\u00e4ritavana<\/p>\n<p>t\u00e4nu nutikale veelukule, mis kaitseb v\u00f5id hapniku ja bakterite eest.<\/p>\n<p><b>KASUTAMINE<\/b><\/p>\n<p>1. Lase v\u00f5il toatemperatuuril pehmeneda ja t\u00e4ida v\u00f5iga v\u00e4iksem, \u00fclemine noapesaga purk.<\/p>\n<p>2. Suuremasse, alumise osa p\u00f5hja vala ca 1cm k\u00fclma vett.<\/p>\n<p>3. Aseta v\u00f5iga t\u00e4idetud purk suuremasse purki ja kontrolli, et v\u00f5ipurgi \u00e4\u00e4r ulatuks vette (v\u00f5ipurgi serv peab saama m\u00e4rjaks).<\/p>\n<p>4. Vaheta vett iga 2&#8230;3 p\u00e4eva j\u00e4rel.<\/p>\n<p>5. V\u00f5i p\u00fcsib v\u00e4rskena kuni kuu aega.<\/p>\n<p>6. V\u00f5inuga saad hoida kaane jalas olevates soontes.<\/p>\n<p>7. Enne kasutamist eemalda transpordiks pandud kinnitusteibid.<\/p>","protected":false},"excerpt":{"rendered":"<p>FRENCH BUTTER JAR<\/p>\n<p>Always enjoy soft and fresh butter that is easy to spread!<\/p>\n<p>The French butter jar keeps butter fresh and spreadable at room temperature<\/p>\n<p>thanks to a smart water lock that protects the butter from oxygen and bacteria.<\/p>\n<p>USAGE<\/p>\n<p>1. Let the butter soften at room temperature and fill the smaller jar with the knife slot on the top.<\/p>\n<p>2. Pour about 1cm of cold water into the bottom of the larger jar.<\/p>\n<p>3. Place the jar filled with butter in the larger jar and check that the edge of the butter jar reaches the water (the edge of the butter jar should get wet).<\/p>\n<p>4. Change the water every 2&#8230;3 days.<\/p>\n<p>5. The butter stays fresh for up to a month.<\/p>\n<p>6. You can store the butter knife in the grooves on the base of the lid.<\/p>\n<p>7. Before use, remove the transport tapes.<\/p>\n","protected":false},"featured_media":5725,"template":"","meta":[],"product_brand":[],"product_cat":[26],"product_tag":[],"class_list":{"0":"post-5724","1":"product","2":"type-product","3":"status-publish","4":"has-post-thumbnail","6":"product_cat-tarbekeraamika","8":"first","9":"instock","10":"shipping-taxable","11":"purchasable","12":"product-type-simple"},"_links":{"self":[{"href":"https:\/\/timokeraamika.ee\/b2b\/en\/wp-json\/wp\/v2\/product\/5724","targetHints":{"allow":["GET"]}}],"collection":[{"href":"https:\/\/timokeraamika.ee\/b2b\/en\/wp-json\/wp\/v2\/product"}],"about":[{"href":"https:\/\/timokeraamika.ee\/b2b\/en\/wp-json\/wp\/v2\/types\/product"}],"wp:featuredmedia":[{"embeddable":true,"href":"https:\/\/timokeraamika.ee\/b2b\/en\/wp-json\/wp\/v2\/media\/5725"}],"wp:attachment":[{"href":"https:\/\/timokeraamika.ee\/b2b\/en\/wp-json\/wp\/v2\/media?parent=5724"}],"wp:term":[{"taxonomy":"product_brand","embeddable":true,"href":"https:\/\/timokeraamika.ee\/b2b\/en\/wp-json\/wp\/v2\/product_brand?post=5724"},{"taxonomy":"product_cat","embeddable":true,"href":"https:\/\/timokeraamika.ee\/b2b\/en\/wp-json\/wp\/v2\/product_cat?post=5724"},{"taxonomy":"product_tag","embeddable":true,"href":"https:\/\/timokeraamika.ee\/b2b\/en\/wp-json\/wp\/v2\/product_tag?post=5724"}],"curies":[{"name":"wp","href":"https:\/\/api.w.org\/{rel}","templated":true}]}}